{"id":170,"date":"2017-08-14T14:22:05","date_gmt":"2017-08-14T12:22:05","guid":{"rendered":"http:\/\/betapaintmaroc.com\/?page_id=170"},"modified":"2025-10-09T11:38:46","modified_gmt":"2025-10-09T09:38:46","slug":"mot-du-directeur","status":"publish","type":"page","link":"https:\/\/betapaintmaroc.com\/index.php\/mot-du-directeur\/","title":{"rendered":"Mot du FONDATEUR"},"content":{"rendered":"<p><img loading=\"lazy\" class=\"alignright wp-image-171 size-medium\" src=\"http:\/\/betapaintmaroc.com\/wp-content\/uploads\/2017\/08\/20748118_1218485584923354_5968180212546371132_o-300x300.jpg\" alt=\"\" width=\"300\" height=\"300\" srcset=\"https:\/\/betapaintmaroc.com\/wp-content\/uploads\/2017\/08\/20748118_1218485584923354_5968180212546371132_o-300x300.jpg 300w, https:\/\/betapaintmaroc.com\/wp-content\/uploads\/2017\/08\/20748118_1218485584923354_5968180212546371132_o-150x150.jpg 150w, https:\/\/betapaintmaroc.com\/wp-content\/uploads\/2017\/08\/20748118_1218485584923354_5968180212546371132_o-768x768.jpg 768w, https:\/\/betapaintmaroc.com\/wp-content\/uploads\/2017\/08\/20748118_1218485584923354_5968180212546371132_o-250x250.jpg 250w, https:\/\/betapaintmaroc.com\/wp-content\/uploads\/2017\/08\/20748118_1218485584923354_5968180212546371132_o-174x174.jpg 174w, https:\/\/betapaintmaroc.com\/wp-content\/uploads\/2017\/08\/20748118_1218485584923354_5968180212546371132_o-640x640.jpg 640w, https:\/\/betapaintmaroc.com\/wp-content\/uploads\/2017\/08\/20748118_1218485584923354_5968180212546371132_o.jpg 1000w\" sizes=\"(max-width: 300px) 100vw, 300px\" \/><\/p>\n<h3 data-start=\"214\" data-end=\"234\">Mot du fondateur<\/h3>\n<p data-start=\"236\" data-end=\"256\"><strong data-start=\"236\" data-end=\"256\">Chers visiteurs,<\/strong><\/p>\n<p data-start=\"258\" data-end=\"450\">Je suis heureux de vous accueillir sur le site officiel de <strong data-start=\"317\" data-end=\"337\">Beta Paint Maroc<\/strong>. J\u2019esp\u00e8re que vous y trouverez toutes les informations utiles et que notre savoir-faire r\u00e9pondra \u00e0 vos attentes.<\/p>\n<p data-start=\"452\" data-end=\"790\">Depuis sa cr\u00e9ation en <strong data-start=\"474\" data-end=\"482\">2013<\/strong>, <strong data-start=\"484\" data-end=\"498\">BETA PAINT<\/strong> s\u2019est impos\u00e9e comme l\u2019une des entreprises les plus reconnues dans les domaines de la <strong data-start=\"584\" data-end=\"599\">carrosserie<\/strong> et de la <strong data-start=\"609\" data-end=\"633\">m\u00e9canique automobile<\/strong> \u00e0 Casablanca. Nous faisons partie des <strong data-start=\"672\" data-end=\"694\">r\u00e9parateurs agr\u00e9\u00e9s<\/strong> les plus estim\u00e9s, tant par notre professionnalisme que par notre engagement envers nos clients.<\/p>\n<p data-start=\"792\" data-end=\"1003\">Notre client\u00e8le est vari\u00e9e : <strong data-start=\"821\" data-end=\"839\">grands comptes<\/strong>, <strong data-start=\"841\" data-end=\"867\">loueurs professionnels<\/strong>, <strong data-start=\"869\" data-end=\"916\">entreprises de transport et de distribution<\/strong>, mais aussi de nombreux <strong data-start=\"941\" data-end=\"965\">clients particuliers<\/strong> qui nous font confiance au quotidien.<\/p>\n<p data-start=\"1005\" data-end=\"1218\">Experts de la <strong data-start=\"1019\" data-end=\"1057\">r\u00e9novation de v\u00e9hicules accident\u00e9s<\/strong>, qu\u2019ils soient <strong data-start=\"1073\" data-end=\"1099\">l\u00e9gers ou poids lourds<\/strong>, nous sommes \u00e9galement sp\u00e9cialis\u00e9s dans les <strong data-start=\"1144\" data-end=\"1170\">entretiens p\u00e9riodiques<\/strong> et les <strong data-start=\"1178\" data-end=\"1217\">diagnostics \u00e9lectroniques de pointe<\/strong>.<\/p>\n<p data-start=\"1220\" data-end=\"1487\">Au-del\u00e0 de notre activit\u00e9 commerciale, nous croyons fermement \u00e0 la <strong data-start=\"1287\" data-end=\"1313\">transmission du savoir<\/strong>. Depuis plus de 12 ans, avec une <strong data-start=\"1347\" data-end=\"1379\">exp\u00e9rience cumul\u00e9e de 25 ans<\/strong>, nous avons soutenu, form\u00e9 et accompagn\u00e9 de nombreux professionnels et jeunes apprentis dans leur parcours.<\/p>\n<p data-start=\"1489\" data-end=\"1924\">Parce que la satisfaction client est notre priorit\u00e9, nous avons d\u00e9velopp\u00e9 un <strong data-start=\"1566\" data-end=\"1600\">service d\u2019accueil personnalis\u00e9<\/strong>, avec une <strong data-start=\"1611\" data-end=\"1646\">\u00e9quipe de techniciens qualifi\u00e9s<\/strong> \u00e0 l\u2019\u00e9coute, capable de s\u2019adapter aux contraintes de <strong data-start=\"1699\" data-end=\"1708\">temps<\/strong> et de <strong data-start=\"1715\" data-end=\"1726\">qualit\u00e9<\/strong>.<br data-start=\"1727\" data-end=\"1730\">Nous avons \u00e9galement renforc\u00e9 notre service de <strong data-start=\"1777\" data-end=\"1791\">convoyeurs<\/strong> pour offrir un service de <strong data-start=\"1818\" data-end=\"1861\">livraison et de r\u00e9cup\u00e9ration \u00e0 domicile<\/strong>, aussi bien pour les professionnels que pour les particuliers.<\/p>\n<p data-start=\"1926\" data-end=\"2170\">Enfin, notre engagement ne serait pas complet sans nos <strong data-start=\"1981\" data-end=\"2009\">partenaires de confiance<\/strong>, notamment la <strong data-start=\"2024\" data-end=\"2062\">Royale Marocaine d\u2019Assurance (RMA)<\/strong>, avec qui nous partageons la m\u00eame vision de la qualit\u00e9 et de la satisfaction client.<\/p>\n<p data-start=\"2172\" data-end=\"2273\">Merci de votre visite, et au plaisir de vous accueillir tr\u00e8s prochainement chez <strong data-start=\"2252\" data-end=\"2272\">Beta Paint Maroc<\/strong>.<\/p>\n<p data-start=\"2275\" data-end=\"2293\">\n<p style=\"text-align: right;\"><strong>MR.ANINI MOHAMED<\/strong><\/p>\n","protected":false},"excerpt":{"rendered":"<p>Mot du fondateur Chers visiteurs, Je suis heureux de vous accueillir sur le site officiel de Beta Paint Maroc. J\u2019esp\u00e8re que vous y trouverez toutes les informations utiles et que notre savoir-faire r\u00e9pondra \u00e0 vos attentes. Depuis sa cr\u00e9ation en 2013, BETA PAINT s\u2019est impos\u00e9e comme l\u2019une des entreprises les plus reconnues dans les domaines <a href=\"https:\/\/betapaintmaroc.com\/index.php\/mot-du-directeur\/\" rel=\"nofollow\"><span class=\"sr-only\">Read more about Mot du FONDATEUR<\/span>[&hellip;]<\/a><\/p>\n","protected":false},"author":1,"featured_media":171,"parent":0,"menu_order":0,"comment_status":"closed","ping_status":"closed","template":"","meta":[],"_links":{"self":[{"href":"https:\/\/betapaintmaroc.com\/index.php\/wp-json\/wp\/v2\/pages\/170"}],"collection":[{"href":"https:\/\/betapaintmaroc.com\/index.php\/wp-json\/wp\/v2\/pages"}],"about":[{"href":"https:\/\/betapaintmaroc.com\/index.php\/wp-json\/wp\/v2\/types\/page"}],"author":[{"embeddable":true,"href":"https:\/\/betapaintmaroc.com\/index.php\/wp-json\/wp\/v2\/users\/1"}],"replies":[{"embeddable":true,"href":"https:\/\/betapaintmaroc.com\/index.php\/wp-json\/wp\/v2\/comments?post=170"}],"version-history":[{"count":4,"href":"https:\/\/betapaintmaroc.com\/index.php\/wp-json\/wp\/v2\/pages\/170\/revisions"}],"predecessor-version":[{"id":3485,"href":"https:\/\/betapaintmaroc.com\/index.php\/wp-json\/wp\/v2\/pages\/170\/revisions\/3485"}],"wp:featuredmedia":[{"embeddable":true,"href":"https:\/\/betapaintmaroc.com\/index.php\/wp-json\/wp\/v2\/media\/171"}],"wp:attachment":[{"href":"https:\/\/betapaintmaroc.com\/index.php\/wp-json\/wp\/v2\/media?parent=170"}],"curies":[{"name":"wp","href":"https:\/\/api.w.org\/{rel}","templated":true}]}}